{"id":405,"date":"2023-11-03T15:02:18","date_gmt":"2023-11-03T18:02:18","guid":{"rendered":"https:\/\/acquah2.com.br\/?post_type=product&#038;p=405"},"modified":"2025-06-06T15:27:24","modified_gmt":"2025-06-06T18:27:24","slug":"velasequalizadoras","status":"publish","type":"product","link":"https:\/\/acquah2.com.br\/index.php\/produto\/velasequalizadoras\/","title":{"rendered":"Refil Velas Equalizadoras"},"content":{"rendered":"<p><strong>Kit de Equaliza\u00e7\u00e3o para Filtros de \u00c1gua por Gravidade<\/strong><\/p>\n<p><strong>Composi\u00e7\u00e3o do Kit:<\/strong><\/p>\n<ul>\n<li>2 velas equalizadoras de alto desempenho, com carv\u00e3o ativado e prata coloidal, para purifica\u00e7\u00e3o avan\u00e7ada<\/li>\n<li>2 boias de controle de fluxo, prevenindo transbordo e otimizando o uso do filtro<\/li>\n<\/ul>\n<p><strong>Compatibilidade:<\/strong><br \/>\nCompat\u00edvel com filtros de barro, acr\u00edlico, pl\u00e1stico e adaptadores de garrafa mineral, o kit se adapta a diversos sistemas de filtragem por gravidade, oferecendo versatilidade e praticidade.<\/p>\n<p><strong>Benef\u00edcios da Filtragem Avan\u00e7ada:<\/strong><\/p>\n<ul>\n<li><strong>Purifica\u00e7\u00e3o Completa:<\/strong> As velas equalizadoras eliminam at\u00e9 99,9% das bact\u00e9rias, reduzem cloro, odores e sabores indesejados, proporcionando uma \u00e1gua leve e refrescante.<\/li>\n<li><strong>A\u00e7\u00e3o Magnesiana, Ionizada e com Hidrog\u00eanio Molecular:<\/strong> Com libera\u00e7\u00e3o gradual de magn\u00e9sio, a \u00e1gua se torna antioxidante, magnesiana e ionizada, elevando o pH para um n\u00edvel alcalino e proporcionando hidrata\u00e7\u00e3o superior e balanceada.<\/li>\n<li><strong>Reten\u00e7\u00e3o de Part\u00edculas<\/strong><\/li>\n<li><strong>Redu\u00e7\u00e3o de Cloro<\/strong><\/li>\n<li><strong>Vida \u00datil:<\/strong> <strong>6 meses ou 600 litros de \u00e1gua filtrada, conforme o que ocorrer primeiro.<\/strong><\/li>\n<li><strong>Reduz metais pesados, agrot\u00f3xicos, adubos qu\u00edmicos e trihalometanos.<\/strong><\/li>\n<\/ul>\n<p>Este kit \u00e9 a escolha ideal para quem busca uma filtragem de \u00e1gua eficiente, magnesiana e antioxidante, garantindo sa\u00fade e bem-estar em cada gota!<\/p>\n","protected":false},"excerpt":{"rendered":"<p class=\"cvGsUA direction-ltr align-justify para-style-body\"><strong>Kit de Equaliza\u00e7\u00e3o para Filtros de \u00c1gua por Gravidade<\/strong><\/p>\n<ul>\n<li><strong>Purifica\u00e7\u00e3o Completa:<\/strong> As velas equalizadoras eliminam at\u00e9 99,9% das bact\u00e9rias, reduzem cloro, odores e sabores indesejados, proporcionando uma \u00e1gua leve e refrescante.<\/li>\n<li><strong>A\u00e7\u00e3o Magnesiana, Ionizada e com Hidrog\u00eanio Molecular:<\/strong> Com libera\u00e7\u00e3o gradual de magn\u00e9sio, a \u00e1gua se torna antioxidante, magnesiana e ionizada, elevando o pH para um n\u00edvel alcalino e proporcionando hidrata\u00e7\u00e3o superior e balanceada.<\/li>\n<\/ul>\n","protected":false},"featured_media":621,"comment_status":"open","ping_status":"closed","template":"","meta":[],"product_brand":[],"product_cat":[20],"product_tag":[22,21],"class_list":{"0":"post-405","1":"product","2":"type-product","3":"status-publish","4":"has-post-thumbnail","6":"product_cat-sem-categoria","7":"product_tag-22","8":"product_tag-kit-1","9":"product_shipping_class-envio","11":"first","12":"instock","13":"shipping-taxable","14":"purchasable","15":"product-type-simple"},"_links":{"self":[{"href":"https:\/\/acquah2.com.br\/index.php\/wp-json\/wp\/v2\/product\/405","targetHints":{"allow":["GET"]}}],"collection":[{"href":"https:\/\/acquah2.com.br\/index.php\/wp-json\/wp\/v2\/product"}],"about":[{"href":"https:\/\/acquah2.com.br\/index.php\/wp-json\/wp\/v2\/types\/product"}],"replies":[{"embeddable":true,"href":"https:\/\/acquah2.com.br\/index.php\/wp-json\/wp\/v2\/comments?post=405"}],"wp:featuredmedia":[{"embeddable":true,"href":"https:\/\/acquah2.com.br\/index.php\/wp-json\/wp\/v2\/media\/621"}],"wp:attachment":[{"href":"https:\/\/acquah2.com.br\/index.php\/wp-json\/wp\/v2\/media?parent=405"}],"wp:term":[{"taxonomy":"product_brand","embeddable":true,"href":"https:\/\/acquah2.com.br\/index.php\/wp-json\/wp\/v2\/product_brand?post=405"},{"taxonomy":"product_cat","embeddable":true,"href":"https:\/\/acquah2.com.br\/index.php\/wp-json\/wp\/v2\/product_cat?post=405"},{"taxonomy":"product_tag","embeddable":true,"href":"https:\/\/acquah2.com.br\/index.php\/wp-json\/wp\/v2\/product_tag?post=405"}],"curies":[{"name":"wp","href":"https:\/\/api.w.org\/{rel}","templated":true}]}}