{"id":1244,"date":"2024-12-27T10:45:50","date_gmt":"2024-12-27T13:45:50","guid":{"rendered":"https:\/\/acquah2.com.br\/?post_type=product&#038;p=1244"},"modified":"2025-05-13T09:03:41","modified_gmt":"2025-05-13T12:03:41","slug":"garrafa-estabilizadora","status":"publish","type":"product","link":"https:\/\/acquah2.com.br\/index.php\/produto\/garrafa-estabilizadora\/","title":{"rendered":"Garrafa Estabilizadora"},"content":{"rendered":"<div class=\"flex-shrink-0 flex flex-col relative items-end\">\n<div>\n<div class=\"pt-0\">\n<div class=\"gizmo-bot-avatar flex h-8 w-8 items-center justify-center overflow-hidden rounded-full\">\n<div class=\"relative p-1 rounded-sm flex items-center justify-center bg-token-main-surface-primary text-token-text-primary h-8 w-8\"><\/div>\n<\/div>\n<\/div>\n<\/div>\n<\/div>\n<div class=\"group\/conversation-turn relative flex w-full min-w-0 flex-col agent-turn\">\n<div class=\"flex-col gap-1 md:gap-3\">\n<div class=\"flex max-w-full flex-col flex-grow\">\n<div class=\"min-h-8 text-message flex w-full flex-col items-end gap-2 whitespace-normal break-words text-start [.text-message+&amp;]:mt-5\" dir=\"auto\" data-message-author-role=\"assistant\" data-message-id=\"3b761d12-d042-4dd9-95b9-fffba941f032\" data-message-model-slug=\"gpt-4o\">\n<div class=\"flex w-full flex-col gap-1 empty:hidden first:pt-[3px]\">\n<div class=\"markdown prose w-full break-words dark:prose-invert light\">\n<p><strong>Garrafa Estabilizadora \u2013 \u00c1gua Alcalina, Mineralizada e Enriquecida com Hidrog\u00eanio Molecular<\/strong><\/p>\n<p>Transforme sua \u00e1gua di\u00e1ria em uma poderosa fonte de sa\u00fade com a <strong>Garrafa Estabilizadora<\/strong>! Projetada com tecnologia avan\u00e7ada, esta garrafa revolucion\u00e1ria estabiliza a \u00e1gua, tornando-a <strong>alcalina<\/strong>, <strong>mineralizada<\/strong>, enriquecida com <strong>hidrog\u00eanio molecular<\/strong> e com <strong>PRAL negativo<\/strong> (Potencial de Carga \u00c1cida Renal), promovendo equil\u00edbrio e bem-estar ao seu organismo.<\/p>\n<p>\u2705 <strong>\u00c1gua Alcalina:<\/strong> Auxilia na redu\u00e7\u00e3o da acidez do corpo, combatendo radicais livres e melhorando a hidrata\u00e7\u00e3o celular.<br \/>\n\u2705 <strong>Hidrog\u00eanio Molecular:<\/strong> Potente antioxidante que combate o estresse oxidativo e contribui para mais energia e vitalidade.<br \/>\n\u2705 <strong>PRAL Negativo:<\/strong> Ajuda a equilibrar o pH corporal, prevenindo inflama\u00e7\u00f5es e promovendo a sa\u00fade \u00f3ssea e muscular.<br \/>\n\u2705 <strong>Mineraliza\u00e7\u00e3o Balanceada:<\/strong> Reabastece o organismo com minerais essenciais para o bom funcionamento do corpo.<\/p>\n<p>Ideal para quem busca mais sa\u00fade, desempenho f\u00edsico e qualidade de vida, a <strong>Garrafa Estabilizadora<\/strong> \u00e9 pr\u00e1tica, sustent\u00e1vel e perfeita para acompanhar sua rotina. Transforme cada gole em um passo para uma vida mais saud\u00e1vel!<\/p>\n<p>\ud83d\uded2 <strong>Adquira agora a sua Garrafa Estabilizadora e leve sa\u00fade para onde voc\u00ea for!<\/strong> \ud83c\udf1f<\/p>\n<\/div>\n<\/div>\n<\/div>\n<\/div>\n<\/div>\n<\/div>\n","protected":false},"excerpt":{"rendered":"<p>Transforme sua \u00e1gua di\u00e1ria em uma poderosa fonte de sa\u00fade com a <strong>Garrafa Estabilizadora<\/strong>! Projetada com tecnologia avan\u00e7ada, esta garrafa revolucion\u00e1ria estabiliza a \u00e1gua, tornando-a <strong>alcalina<\/strong>, <strong>mineralizada<\/strong>, enriquecida com <strong>hidrog\u00eanio molecular<\/strong> e com <strong>PRAL negativo<\/strong> (Potencial de Carga \u00c1cida Renal), promovendo equil\u00edbrio e bem-estar ao seu organismo.<\/p>\n","protected":false},"featured_media":1135,"comment_status":"open","ping_status":"closed","template":"","meta":[],"product_brand":[],"product_cat":[20],"product_tag":[],"class_list":{"0":"post-1244","1":"product","2":"type-product","3":"status-publish","4":"has-post-thumbnail","6":"product_cat-sem-categoria","7":"product_shipping_class-envio","9":"first","10":"instock","11":"shipping-taxable","12":"purchasable","13":"product-type-simple"},"_links":{"self":[{"href":"https:\/\/acquah2.com.br\/index.php\/wp-json\/wp\/v2\/product\/1244","targetHints":{"allow":["GET"]}}],"collection":[{"href":"https:\/\/acquah2.com.br\/index.php\/wp-json\/wp\/v2\/product"}],"about":[{"href":"https:\/\/acquah2.com.br\/index.php\/wp-json\/wp\/v2\/types\/product"}],"replies":[{"embeddable":true,"href":"https:\/\/acquah2.com.br\/index.php\/wp-json\/wp\/v2\/comments?post=1244"}],"wp:featuredmedia":[{"embeddable":true,"href":"https:\/\/acquah2.com.br\/index.php\/wp-json\/wp\/v2\/media\/1135"}],"wp:attachment":[{"href":"https:\/\/acquah2.com.br\/index.php\/wp-json\/wp\/v2\/media?parent=1244"}],"wp:term":[{"taxonomy":"product_brand","embeddable":true,"href":"https:\/\/acquah2.com.br\/index.php\/wp-json\/wp\/v2\/product_brand?post=1244"},{"taxonomy":"product_cat","embeddable":true,"href":"https:\/\/acquah2.com.br\/index.php\/wp-json\/wp\/v2\/product_cat?post=1244"},{"taxonomy":"product_tag","embeddable":true,"href":"https:\/\/acquah2.com.br\/index.php\/wp-json\/wp\/v2\/product_tag?post=1244"}],"curies":[{"name":"wp","href":"https:\/\/api.w.org\/{rel}","templated":true}]}}